{"id":162,"date":"2024-04-10T11:39:50","date_gmt":"2024-04-10T11:39:50","guid":{"rendered":"https:\/\/www.energonext.com\/?page_id=162"},"modified":"2024-04-10T11:45:31","modified_gmt":"2024-04-10T11:45:31","slug":"il-progetto-energo","status":"publish","type":"page","link":"https:\/\/www.energonext.com\/index.php\/il-progetto-energo\/","title":{"rendered":"Il progetto Energo Next"},"content":{"rendered":"\t\t<div data-elementor-type=\"wp-page\" data-elementor-id=\"162\" class=\"elementor elementor-162\">\n\t\t\t\t<div class=\"elementor-element elementor-element-47779ff e-flex e-con-boxed e-con e-parent\" data-id=\"47779ff\" data-element_type=\"container\" data-core-v316-plus=\"true\">\n\t\t\t\t\t<div class=\"e-con-inner\">\n\t\t\t\t<div class=\"elementor-element elementor-element-fc29ebc elementor-widget elementor-widget-heading\" data-id=\"fc29ebc\" data-element_type=\"widget\" data-widget_type=\"heading.default\">\n\t\t\t\t<div class=\"elementor-widget-container\">\n\t\t\t<style>\/*! elementor - v3.20.0 - 26-03-2024 *\/\n.elementor-heading-title{padding:0;margin:0;line-height:1}.elementor-widget-heading .elementor-heading-title[class*=elementor-size-]>a{color:inherit;font-size:inherit;line-height:inherit}.elementor-widget-heading .elementor-heading-title.elementor-size-small{font-size:15px}.elementor-widget-heading .elementor-heading-title.elementor-size-medium{font-size:19px}.elementor-widget-heading .elementor-heading-title.elementor-size-large{font-size:29px}.elementor-widget-heading .elementor-heading-title.elementor-size-xl{font-size:39px}.elementor-widget-heading .elementor-heading-title.elementor-size-xxl{font-size:59px}<\/style><h2 class=\"elementor-heading-title elementor-size-default\">Chi siamo<\/h2>\t\t<\/div>\n\t\t\t\t<\/div>\n\t\t\t\t<div class=\"elementor-element elementor-element-6f1c24b elementor-widget elementor-widget-text-editor\" data-id=\"6f1c24b\" data-element_type=\"widget\" data-widget_type=\"text-editor.default\">\n\t\t\t\t<div class=\"elementor-widget-container\">\n\t\t\t<style>\/*! elementor - v3.20.0 - 26-03-2024 *\/\n.elementor-widget-text-editor.elementor-drop-cap-view-stacked .elementor-drop-cap{background-color:#69727d;color:#fff}.elementor-widget-text-editor.elementor-drop-cap-view-framed .elementor-drop-cap{color:#69727d;border:3px solid;background-color:transparent}.elementor-widget-text-editor:not(.elementor-drop-cap-view-default) .elementor-drop-cap{margin-top:8px}.elementor-widget-text-editor:not(.elementor-drop-cap-view-default) .elementor-drop-cap-letter{width:1em;height:1em}.elementor-widget-text-editor .elementor-drop-cap{float:left;text-align:center;line-height:1;font-size:50px}.elementor-widget-text-editor .elementor-drop-cap-letter{display:inline-block}<\/style>\t\t\t\t<p>Energo Next sta lavorando ad un progetto che si propone di realizzare un avanzamento significativo nel campo della gestione dell&#8217;energia rinnovabile, attraverso lo sviluppo di un sistema integrato per la distribuzione e lo stoccaggio di energia.<\/p><p>Questo sistema \u00e8 caratterizzato dall&#8217;adozione di tecnologie all&#8217;avanguardia, quali l&#8217;intelligenza artificiale per l&#8217;ottimizzazione dei flussi energetici, la sensoristica evoluta per un monitoraggio preciso delle condizioni ambientali e operative e blockchain per garantire la sicurezza e la tracciabilit\u00e0 dei dati energetici.<\/p><p>L&#8217;obiettivo \u00e8 migliorare l&#8217;efficienza energetica e contribuire alla transizione verso un modello economico a basse emissioni di carbonio, riducendo la dipendenza dalle fonti fossili e minimizzando l&#8217;impatto ambientale.<\/p><p>Il sistema \u00e8 progettato per essere flessibile e scalabile, in modo da adattarsi facilmente a diversi contesti applicativi, dall&#8217;ambito domestico a quello industriale, e per integrarsi con le comunit\u00e0 energetiche rinnovabili (CER).<\/p><p>L&#8217;obiettivo \u00e8 di fornire una soluzione innovativa che non solo affronti le sfide attuali legate alla variabilit\u00e0 delle fonti rinnovabili e all&#8217;efficienza dello stoccaggio energetico, ma che sia anche pionieristica nel dimostrare come le tecnologie avanzate possono essere applicate per ottimizzare l&#8217;uso dell&#8217;energia rinnovabile.<\/p><p><span style=\"text-decoration: underline;\">Questa idea mira a stabilire nuovi standard per l&#8217;integrazione e la gestione delle energie rinnovabili nelle Smart Grid e contribuire allo sviluppo tecnologico e industriale a livello nazionale e internazionale.<\/span><\/p><p>La realizzazione di questo progetto rappresenter\u00e0 un passo avanti fondamentale verso un futuro energetico pi\u00f9 sostenibile, efficiente e resiliente. Un approccio innovativo nella gestione dei flussi energetici \u00e8 alla base dell&#8217;idea Energo Next.<\/p><p>Lo stato dell&#8217;arte attuale mostra che, nonostante i progressi, esistono ancora significative sfide nella gestione efficiente dell&#8217;energia tra prosumer (produttori e consumatori) nelle reti intelligenti, in particolare riguardo l&#8217;ottimizzazione dei flussi energetici, la riduzione degli sprechi e l&#8217;integrazione delle fonti rinnovabili.<\/p><p>Il progetto proposto affronta queste sfide con una soluzione tecnologica evoluta che mira a superare le limitazioni esistenti attraverso l&#8217;implementazione di un sistema integrato per la gestione e lo stoccaggio dell&#8217;energia. Progettato per interfacciarsi efficientemente sia con le comunit\u00e0 energetiche rinnovabili che con diverse utenze, ottimizza l&#8217;uso dell&#8217;energia in funzione delle condizioni reali di produzione e consumo. La tecnologia al centro del progetto comprende l&#8217;utilizzo di algoritmi intelligenti e di tecnologie di intelligenza artificiale per la predizione dei flussi energetici e la gestione dinamica della distribuzione dell&#8217;energia.<\/p><p>Questo approccio basato sull&#8217;intelligenza artificiale consente di ottimizzare l&#8217;efficienza a livello di sistema, riducendo al minimo gli sprechi e migliorando significativamente la gestione dei flussi energetici. L&#8217;intelligenza artificiale gioca un ruolo cruciale nell&#8217;evitare gli errori potenziali di un&#8217;interfaccia umana, consentendo decisioni rapide e precise basate su vasti set di dati e su algoritmi di apprendimento che migliorano continuamente nel tempo.<\/p><p>Questa integrazione non solo aumenta l&#8217;efficienza energetica ma assicura anche una maggiore affidabilit\u00e0 e sicurezza del sistema.<br \/>Inoltre, l&#8217;adozione di tecnologie innovative, come i sistemi di registri distribuiti, per la gestione dei dati energetici aggiunge un ulteriore livello di sicurezza, trasparenza e affidabilit\u00e0 al sistema, facilitando la tracciabilit\u00e0 e l&#8217;autenticazione degli scambi energetici tra i partecipanti alla rete. L&#8217;integrazione di sensori avanzati permette inoltre di monitorare in tempo reale le condizioni ambientali e di adattare di conseguenza la gestione dell&#8217;energia, garantendo un approvvigionamento energetico efficiente e sostenibile.<br \/>Attraverso questo approccio olistico e tecnologicamente avanzato, il progetto punta a risolvere le criticit\u00e0 esistenti nelle Smart Grid e nelle comunit\u00e0 energetiche, portando significativi miglioramenti nella gestione dei flussi energetici e ponendosi come un punto di riferimento per lo sviluppo futuro del settore.<\/p>\t\t\t\t\t\t<\/div>\n\t\t\t\t<\/div>\n\t\t\t\t\t<\/div>\n\t\t\t\t<\/div>\n\t\t\t\t<\/div>\n\t\t","protected":false},"excerpt":{"rendered":"<p>Chi siamo Energo Next sta lavorando ad un progetto che si propone di realizzare un avanzamento significativo nel campo della gestione dell&#8217;energia rinnovabile, attraverso lo sviluppo di un sistema integrato per la distribuzione e lo stoccaggio di energia. Questo sistema \u00e8 caratterizzato dall&#8217;adozione di tecnologie all&#8217;avanguardia, quali l&#8217;intelligenza artificiale per l&#8217;ottimizzazione dei flussi energetici, la&hellip; <br \/> <a class=\"button small blue\" href=\"https:\/\/www.energonext.com\/index.php\/il-progetto-energo\/\">Read more<\/a><\/p>\n","protected":false},"author":1,"featured_media":0,"parent":0,"menu_order":0,"comment_status":"closed","ping_status":"closed","template":"","meta":{"footnotes":""},"class_list":["post-162","page","type-page","status-publish","hentry"],"_links":{"self":[{"href":"https:\/\/www.energonext.com\/index.php\/wp-json\/wp\/v2\/pages\/162","targetHints":{"allow":["GET"]}}],"collection":[{"href":"https:\/\/www.energonext.com\/index.php\/wp-json\/wp\/v2\/pages"}],"about":[{"href":"https:\/\/www.energonext.com\/index.php\/wp-json\/wp\/v2\/types\/page"}],"author":[{"embeddable":true,"href":"https:\/\/www.energonext.com\/index.php\/wp-json\/wp\/v2\/users\/1"}],"replies":[{"embeddable":true,"href":"https:\/\/www.energonext.com\/index.php\/wp-json\/wp\/v2\/comments?post=162"}],"version-history":[{"count":4,"href":"https:\/\/www.energonext.com\/index.php\/wp-json\/wp\/v2\/pages\/162\/revisions"}],"predecessor-version":[{"id":166,"href":"https:\/\/www.energonext.com\/index.php\/wp-json\/wp\/v2\/pages\/162\/revisions\/166"}],"wp:attachment":[{"href":"https:\/\/www.energonext.com\/index.php\/wp-json\/wp\/v2\/media?parent=162"}],"curies":[{"name":"wp","href":"https:\/\/api.w.org\/{rel}","templated":true}]}}