{"id":30,"date":"2024-04-02T11:31:54","date_gmt":"2024-04-02T11:31:54","guid":{"rendered":"https:\/\/www.energonext.com\/?page_id=30"},"modified":"2024-04-05T12:21:18","modified_gmt":"2024-04-05T12:21:18","slug":"chi-siamo-energonext","status":"publish","type":"page","link":"https:\/\/www.energonext.com\/index.php\/chi-siamo-energonext\/","title":{"rendered":"Chi siamo"},"content":{"rendered":"\t\t<div data-elementor-type=\"wp-page\" data-elementor-id=\"30\" class=\"elementor elementor-30\">\n\t\t\t\t<div class=\"elementor-element elementor-element-47779ff e-flex e-con-boxed e-con e-parent\" data-id=\"47779ff\" data-element_type=\"container\" data-core-v316-plus=\"true\">\n\t\t\t\t\t<div class=\"e-con-inner\">\n\t\t\t\t<div class=\"elementor-element elementor-element-fc29ebc elementor-widget elementor-widget-heading\" data-id=\"fc29ebc\" data-element_type=\"widget\" data-widget_type=\"heading.default\">\n\t\t\t\t<div class=\"elementor-widget-container\">\n\t\t\t<style>\/*! elementor - v3.20.0 - 26-03-2024 *\/\n.elementor-heading-title{padding:0;margin:0;line-height:1}.elementor-widget-heading .elementor-heading-title[class*=elementor-size-]>a{color:inherit;font-size:inherit;line-height:inherit}.elementor-widget-heading .elementor-heading-title.elementor-size-small{font-size:15px}.elementor-widget-heading .elementor-heading-title.elementor-size-medium{font-size:19px}.elementor-widget-heading .elementor-heading-title.elementor-size-large{font-size:29px}.elementor-widget-heading .elementor-heading-title.elementor-size-xl{font-size:39px}.elementor-widget-heading .elementor-heading-title.elementor-size-xxl{font-size:59px}<\/style><h2 class=\"elementor-heading-title elementor-size-default\">Chi siamo<\/h2>\t\t<\/div>\n\t\t\t\t<\/div>\n\t\t\t\t<div class=\"elementor-element elementor-element-6f1c24b elementor-widget elementor-widget-text-editor\" data-id=\"6f1c24b\" data-element_type=\"widget\" data-widget_type=\"text-editor.default\">\n\t\t\t\t<div class=\"elementor-widget-container\">\n\t\t\t<style>\/*! elementor - v3.20.0 - 26-03-2024 *\/\n.elementor-widget-text-editor.elementor-drop-cap-view-stacked .elementor-drop-cap{background-color:#69727d;color:#fff}.elementor-widget-text-editor.elementor-drop-cap-view-framed .elementor-drop-cap{color:#69727d;border:3px solid;background-color:transparent}.elementor-widget-text-editor:not(.elementor-drop-cap-view-default) .elementor-drop-cap{margin-top:8px}.elementor-widget-text-editor:not(.elementor-drop-cap-view-default) .elementor-drop-cap-letter{width:1em;height:1em}.elementor-widget-text-editor .elementor-drop-cap{float:left;text-align:center;line-height:1;font-size:50px}.elementor-widget-text-editor .elementor-drop-cap-letter{display:inline-block}<\/style>\t\t\t\t<p>Energo Next si distingue come un epicentro di innovazione e competenza nel settore delle energie rinnovabili. La nostra societ\u00e0 composta da un team di specialisti di alto livello, ciascuno esperto in un ambito chiave che contribuisce alla nostra missione complessiva. Il nostro personale include esperti nel settore dell&#8217;idrogeno, che portano una profonda conoscenza e un&#8217;esperienza innovativa nello sviluppo di tecnologie all&#8217;avanguardia per l&#8217;energia verde.<\/p><p>Esperti in elettronica contribuiscono allo sviluppo e all&#8217;implementazione di sistemi avanzati e soluzioni tecnologiche di alta precisione.<\/p><p>Il team \u00e8 completato da professionisti nella gestione dei rischi e nella finanza, assicurando che ogni progetto e iniziativa di Energo Next sia realizzato con la massima sicurezza, stabilit\u00e0 finanziaria e conformit\u00e0 ai pi\u00f9 alti standard di settore.<\/p><p>Infine, nel campo dei data center, disponiamo di professionisti specializzati nella gestione e ottimizzazione di infrastrutture complesse, garantendo efficienza energetica e sostenibilit\u00e0.<\/p><p>In Energo Next, crediamo fermamente che la sinergia tra queste diverse competenze sia fondamentale per il nostro successo. Lavoriamo insieme per creare soluzioni innovative e sostenibili, guidati dalla nostra visione condivisa di un futuro energetico pulito e sostenibile.<\/p>\t\t\t\t\t\t<\/div>\n\t\t\t\t<\/div>\n\t\t\t\t\t<\/div>\n\t\t\t\t<\/div>\n\t\t\t\t<\/div>\n\t\t","protected":false},"excerpt":{"rendered":"<p>Chi siamo Energo Next si distingue come un epicentro di innovazione e competenza nel settore delle energie rinnovabili. La nostra societ\u00e0 composta da un team di specialisti di alto livello, ciascuno esperto in un ambito chiave che contribuisce alla nostra missione complessiva. Il nostro personale include esperti nel settore dell&#8217;idrogeno, che portano una profonda conoscenza&hellip; <br \/> <a class=\"button small blue\" href=\"https:\/\/www.energonext.com\/index.php\/chi-siamo-energonext\/\">Read more<\/a><\/p>\n","protected":false},"author":1,"featured_media":0,"parent":0,"menu_order":0,"comment_status":"closed","ping_status":"closed","template":"","meta":{"footnotes":""},"class_list":["post-30","page","type-page","status-publish","hentry"],"_links":{"self":[{"href":"https:\/\/www.energonext.com\/index.php\/wp-json\/wp\/v2\/pages\/30","targetHints":{"allow":["GET"]}}],"collection":[{"href":"https:\/\/www.energonext.com\/index.php\/wp-json\/wp\/v2\/pages"}],"about":[{"href":"https:\/\/www.energonext.com\/index.php\/wp-json\/wp\/v2\/types\/page"}],"author":[{"embeddable":true,"href":"https:\/\/www.energonext.com\/index.php\/wp-json\/wp\/v2\/users\/1"}],"replies":[{"embeddable":true,"href":"https:\/\/www.energonext.com\/index.php\/wp-json\/wp\/v2\/comments?post=30"}],"version-history":[{"count":9,"href":"https:\/\/www.energonext.com\/index.php\/wp-json\/wp\/v2\/pages\/30\/revisions"}],"predecessor-version":[{"id":135,"href":"https:\/\/www.energonext.com\/index.php\/wp-json\/wp\/v2\/pages\/30\/revisions\/135"}],"wp:attachment":[{"href":"https:\/\/www.energonext.com\/index.php\/wp-json\/wp\/v2\/media?parent=30"}],"curies":[{"name":"wp","href":"https:\/\/api.w.org\/{rel}","templated":true}]}}