{"id":39,"date":"2024-04-02T12:09:42","date_gmt":"2024-04-02T12:09:42","guid":{"rendered":"https:\/\/www.energonext.com\/?page_id=39"},"modified":"2024-04-10T11:38:50","modified_gmt":"2024-04-10T11:38:50","slug":"servizi-cer-enegonext","status":"publish","type":"page","link":"https:\/\/www.energonext.com\/index.php\/servizi-cer-enegonext\/","title":{"rendered":"Servizi &#8211; Consulenza CER"},"content":{"rendered":"\t\t<div data-elementor-type=\"wp-page\" data-elementor-id=\"39\" class=\"elementor elementor-39\">\n\t\t\t\t<div class=\"elementor-element elementor-element-62b5ca8 e-flex e-con-boxed e-con e-parent\" data-id=\"62b5ca8\" data-element_type=\"container\" data-core-v316-plus=\"true\">\n\t\t\t\t\t<div class=\"e-con-inner\">\n\t\t\t\t<div class=\"elementor-element elementor-element-42109a2 elementor-widget elementor-widget-heading\" data-id=\"42109a2\" data-element_type=\"widget\" data-widget_type=\"heading.default\">\n\t\t\t\t<div class=\"elementor-widget-container\">\n\t\t\t<style>\/*! elementor - v3.20.0 - 26-03-2024 *\/\n.elementor-heading-title{padding:0;margin:0;line-height:1}.elementor-widget-heading .elementor-heading-title[class*=elementor-size-]>a{color:inherit;font-size:inherit;line-height:inherit}.elementor-widget-heading .elementor-heading-title.elementor-size-small{font-size:15px}.elementor-widget-heading .elementor-heading-title.elementor-size-medium{font-size:19px}.elementor-widget-heading .elementor-heading-title.elementor-size-large{font-size:29px}.elementor-widget-heading .elementor-heading-title.elementor-size-xl{font-size:39px}.elementor-widget-heading .elementor-heading-title.elementor-size-xxl{font-size:59px}<\/style><h2 class=\"elementor-heading-title elementor-size-default\">CER<\/h2>\t\t<\/div>\n\t\t\t\t<\/div>\n\t\t\t\t<div class=\"elementor-element elementor-element-21ac4c8 elementor-widget elementor-widget-text-editor\" data-id=\"21ac4c8\" data-element_type=\"widget\" data-widget_type=\"text-editor.default\">\n\t\t\t\t<div class=\"elementor-widget-container\">\n\t\t\t<style>\/*! elementor - v3.20.0 - 26-03-2024 *\/\n.elementor-widget-text-editor.elementor-drop-cap-view-stacked .elementor-drop-cap{background-color:#69727d;color:#fff}.elementor-widget-text-editor.elementor-drop-cap-view-framed .elementor-drop-cap{color:#69727d;border:3px solid;background-color:transparent}.elementor-widget-text-editor:not(.elementor-drop-cap-view-default) .elementor-drop-cap{margin-top:8px}.elementor-widget-text-editor:not(.elementor-drop-cap-view-default) .elementor-drop-cap-letter{width:1em;height:1em}.elementor-widget-text-editor .elementor-drop-cap{float:left;text-align:center;line-height:1;font-size:50px}.elementor-widget-text-editor .elementor-drop-cap-letter{display:inline-block}<\/style>\t\t\t\t<p>Le Comunit\u00e0 Energetiche Rinnovabili rappresentano un modello innovativo per la produzione, il consumo e la condivisione di energia rinnovabile a livello locale. Energo Next supporta l&#8217;implementazione e la gestione di CER attraverso servizi di consulenza personalizzati, che mirano a promuovere l&#8217;autoconsumo collettivo e la sostenibilit\u00e0 energetica. Questo servizio comprende:<\/p><p>Analisi di Fattibilit\u00e0 e Progettazione: Valutazione preliminare per determinare la fattibilit\u00e0 tecnica ed economica della creazione di una CER. Incluso in questo servizio c&#8217;\u00e8 l&#8217;assistenza nella progettazione del modello di governance della comunit\u00e0, nella selezione delle tecnologie pi\u00f9 adatte e nell&#8217;ottimizzazione della configurazione degli impianti di produzione energetica rinnovabile.<\/p><p>Supporto Normativo e Legale: Consulenza specifica sul quadro normativo vigente per le CER, assistenza nella navigazione delle procedure legali e amministrative per l&#8217;istituzione di una comunit\u00e0 energetica e supporto nella redazione di accordi tra i membri.<\/p><p>Piani di Sviluppo e Implementazione: Elaborazione di piani di sviluppo dettagliati che includono strategie per il finanziamento del progetto, timeline di implementazione, e selezione di tecnologie sostenibili. Assistenza nell&#8217;implementazione pratica della comunit\u00e0, dalla costruzione degli impianti alla loro messa in servizio.<\/p><p>Strategie di Ottimizzazione Energetica: Fornitura di consulenza su come massimizzare l&#8217;efficienza energetica all&#8217;interno della CER, includendo l&#8217;integrazione di sistemi di accumulo, l&#8217;ottimizzazione del consumo e la gestione della domanda energetica.<\/p><p>Accesso a Finanziamenti e Incentivi: Supporto nella ricerca e nell&#8217;accesso a finanziamenti, contributi e incentivi disponibili a livello locale, nazionale ed europeo per la promozione delle energie rinnovabili e delle comunit\u00e0 energetiche.<\/p><p>Formazione: Organizzazione di sessioni formative e informativa per i membri della CER e per la comunit\u00e0 pi\u00f9 ampia, al fine di promuovere la consapevolezza sulle energie rinnovabili e sulle pratiche di consumo sostenibile.<\/p><p>Monitoraggio e Gestione Post-Implementazione: Servizi di monitoraggio continuo dell&#8217;efficienza energetica e della produzione di energia della CER, nonch\u00e9 assistenza nella gestione operativa della comunit\u00e0 per garantire il suo funzionamento ottimale e la sostenibilit\u00e0 a lungo termine.<\/p><p>Attraverso questi servizi, Energo Next mira a facilitare la transizione verso un modello energetico pi\u00f9 sostenibile e partecipativo, sfruttando il potenziale delle Comunit\u00e0 Energetiche Rinnovabili per promuovere un uso dell&#8217;energia che sia ecologico, economicamente vantaggioso e socialmente inclusivo.<\/p>\t\t\t\t\t\t<\/div>\n\t\t\t\t<\/div>\n\t\t\t\t\t<\/div>\n\t\t\t\t<\/div>\n\t\t\t\t<\/div>\n\t\t","protected":false},"excerpt":{"rendered":"<p>CER Le Comunit\u00e0 Energetiche Rinnovabili rappresentano un modello innovativo per la produzione, il consumo e la condivisione di energia rinnovabile a livello locale. Energo Next supporta l&#8217;implementazione e la gestione di CER attraverso servizi di consulenza personalizzati, che mirano a promuovere l&#8217;autoconsumo collettivo e la sostenibilit\u00e0 energetica. Questo servizio comprende: Analisi di Fattibilit\u00e0 e Progettazione:&hellip; <br \/> <a class=\"button small blue\" href=\"https:\/\/www.energonext.com\/index.php\/servizi-cer-enegonext\/\">Read more<\/a><\/p>\n","protected":false},"author":1,"featured_media":0,"parent":0,"menu_order":0,"comment_status":"closed","ping_status":"closed","template":"","meta":{"footnotes":""},"class_list":["post-39","page","type-page","status-publish","hentry"],"_links":{"self":[{"href":"https:\/\/www.energonext.com\/index.php\/wp-json\/wp\/v2\/pages\/39","targetHints":{"allow":["GET"]}}],"collection":[{"href":"https:\/\/www.energonext.com\/index.php\/wp-json\/wp\/v2\/pages"}],"about":[{"href":"https:\/\/www.energonext.com\/index.php\/wp-json\/wp\/v2\/types\/page"}],"author":[{"embeddable":true,"href":"https:\/\/www.energonext.com\/index.php\/wp-json\/wp\/v2\/users\/1"}],"replies":[{"embeddable":true,"href":"https:\/\/www.energonext.com\/index.php\/wp-json\/wp\/v2\/comments?post=39"}],"version-history":[{"count":11,"href":"https:\/\/www.energonext.com\/index.php\/wp-json\/wp\/v2\/pages\/39\/revisions"}],"predecessor-version":[{"id":161,"href":"https:\/\/www.energonext.com\/index.php\/wp-json\/wp\/v2\/pages\/39\/revisions\/161"}],"wp:attachment":[{"href":"https:\/\/www.energonext.com\/index.php\/wp-json\/wp\/v2\/media?parent=39"}],"curies":[{"name":"wp","href":"https:\/\/api.w.org\/{rel}","templated":true}]}}